{"id":34,"date":"2026-04-17T17:12:10","date_gmt":"2026-04-17T10:12:10","guid":{"rendered":"https:\/\/thuvienbaitap.com\/?page_id=34"},"modified":"2026-04-17T17:16:33","modified_gmt":"2026-04-17T10:16:33","slug":"home","status":"publish","type":"page","link":"https:\/\/thuvienbaitap.com\/","title":{"rendered":""},"content":{"rendered":"\n<div class=\"home-hero-section\">\n    <div class=\"hero-content\">\n        <h1 class=\"hero-title\">Kh\u00e1m ph\u00e1 &#038; Chia s\u1ebb ki\u1ebfn th\u1ee9c<\/h1>\n        <p class=\"hero-subtitle\">C\u1ed9ng \u0111\u1ed3ng th\u1ea3o lu\u1eadn, gi\u1ea3i \u0111\u00e1p b\u00e0i t\u1eadp v\u00e0 chia s\u1ebb \u0111am m\u00ea v\u1ec1 STEM, Robotics, L\u1eadp tr\u00ecnh &#038; Luy\u1ec7n thi THPT d\u00e0nh cho h\u1ecdc sinh Vi\u1ec7t Nam.<\/p>\n        <div class=\"hero-actions\">\n            <a href=\"\/ask-question\" class=\"btn-hero-primary\">\u0110\u1eb7t c\u00e2u h\u1ecfi ngay<\/a>\n            <a href=\"\/questions\" class=\"btn-hero-secondary\">Duy\u1ec7t c\u00e2u h\u1ecfi<\/a>\n        <\/div>\n    <\/div>\n<\/div>\n\n\n\n<p><\/p>\n","protected":false},"excerpt":{"rendered":"<p>Kh\u00e1m ph\u00e1 &#038; Chia s\u1ebb ki\u1ebfn th\u1ee9c C\u1ed9ng \u0111\u1ed3ng th\u1ea3o lu\u1eadn, gi\u1ea3i \u0111\u00e1p b\u00e0i t\u1eadp v\u00e0 chia s\u1ebb \u0111am m\u00ea [&hellip;]<\/p>\n","protected":false},"author":1,"featured_media":0,"parent":0,"menu_order":0,"comment_status":"closed","ping_status":"closed","template":"","meta":{"site-sidebar-layout":"default","site-content-layout":"","ast-site-content-layout":"default","site-content-style":"default","site-sidebar-style":"default","ast-global-header-display":"","ast-banner-title-visibility":"","ast-main-header-display":"","ast-hfb-above-header-display":"","ast-hfb-below-header-display":"","ast-hfb-mobile-header-display":"","site-post-title":"","ast-breadcrumbs-content":"","ast-featured-img":"","footer-sml-layout":"","ast-disable-related-posts":"","theme-transparent-header-meta":"","adv-header-id-meta":"","stick-header-meta":"","header-above-stick-meta":"","header-main-stick-meta":"","header-below-stick-meta":"","astra-migrate-meta-layouts":"default","ast-page-background-enabled":"default","ast-page-background-meta":{"desktop":{"background-color":"var(--ast-global-color-5)","background-image":"","background-repeat":"repeat","background-position":"center center","background-size":"auto","background-attachment":"scroll","background-type":"","background-media":"","overlay-type":"","overlay-color":"","overlay-opacity":"","overlay-gradient":""},"tablet":{"background-color":"","background-image":"","background-repeat":"repeat","background-position":"center center","background-size":"auto","background-attachment":"scroll","background-type":"","background-media":"","overlay-type":"","overlay-color":"","overlay-opacity":"","overlay-gradient":""},"mobile":{"background-color":"","background-image":"","background-repeat":"repeat","background-position":"center center","background-size":"auto","background-attachment":"scroll","background-type":"","background-media":"","overlay-type":"","overlay-color":"","overlay-opacity":"","overlay-gradient":""}},"ast-content-background-meta":{"desktop":{"background-color":"var(--ast-global-color-4)","background-image":"","background-repeat":"repeat","background-position":"center center","background-size":"auto","background-attachment":"scroll","background-type":"","background-media":"","overlay-type":"","overlay-color":"","overlay-opacity":"","overlay-gradient":""},"tablet":{"background-color":"var(--ast-global-color-4)","background-image":"","background-repeat":"repeat","background-position":"center center","background-size":"auto","background-attachment":"scroll","background-type":"","background-media":"","overlay-type":"","overlay-color":"","overlay-opacity":"","overlay-gradient":""},"mobile":{"background-color":"var(--ast-global-color-4)","background-image":"","background-repeat":"repeat","background-position":"center center","background-size":"auto","background-attachment":"scroll","background-type":"","background-media":"","overlay-type":"","overlay-color":"","overlay-opacity":"","overlay-gradient":""}},"footnotes":""},"class_list":["post-34","page","type-page","status-publish","hentry"],"_links":{"self":[{"href":"https:\/\/thuvienbaitap.com\/wp-json\/wp\/v2\/pages\/34","targetHints":{"allow":["GET"]}}],"collection":[{"href":"https:\/\/thuvienbaitap.com\/wp-json\/wp\/v2\/pages"}],"about":[{"href":"https:\/\/thuvienbaitap.com\/wp-json\/wp\/v2\/types\/page"}],"author":[{"embeddable":true,"href":"https:\/\/thuvienbaitap.com\/wp-json\/wp\/v2\/users\/1"}],"replies":[{"embeddable":true,"href":"https:\/\/thuvienbaitap.com\/wp-json\/wp\/v2\/comments?post=34"}],"version-history":[{"count":3,"href":"https:\/\/thuvienbaitap.com\/wp-json\/wp\/v2\/pages\/34\/revisions"}],"predecessor-version":[{"id":38,"href":"https:\/\/thuvienbaitap.com\/wp-json\/wp\/v2\/pages\/34\/revisions\/38"}],"wp:attachment":[{"href":"https:\/\/thuvienbaitap.com\/wp-json\/wp\/v2\/media?parent=34"}],"curies":[{"name":"wp","href":"https:\/\/api.w.org\/{rel}","templated":true}]}}